{"id":1651,"date":"2017-02-27T14:37:10","date_gmt":"2017-02-27T17:37:10","guid":{"rendered":"http:\/\/animaestudio.com.ar\/about\/"},"modified":"2023-08-28T20:03:59","modified_gmt":"2023-08-28T23:03:59","slug":"about","status":"publish","type":"page","link":"https:\/\/animaestudio.com.ar\/en\/about\/","title":{"rendered":"quienes somos"},"content":{"rendered":"<p><div class=\"fusion-fullwidth fullwidth-box fusion-builder-row-1 nonhundred-percent-fullwidth non-hundred-percent-height-scrolling\" style=\"--awb-background-position:left top;--awb-border-radius-top-left:0px;--awb-border-radius-top-right:0px;--awb-border-radius-bottom-right:0px;--awb-border-radius-bottom-left:0px;--awb-padding-top:20px;--awb-padding-bottom:2.5%;--awb-background-color:#282a2d;--awb-border-sizes-top:0px;--awb-border-sizes-bottom:0px;--awb-flex-wrap:wrap;\" ><div class=\"fusion-builder-row fusion-row\"><div class=\"fusion-layout-column fusion_builder_column fusion-builder-column-0 fusion_builder_column_1_1 1_1 fusion-one-full fusion-column-first fusion-column-last\" style=\"--awb-padding-top:0%;--awb-padding-right:15%;--awb-padding-bottom:0%;--awb-padding-left:15%;--awb-bg-size:cover;\"><div class=\"fusion-column-wrapper fusion-flex-column-wrapper-legacy\"><div class=\"fusion-text fusion-text-1\"><h3 style=\"text-align: center;\">what we do<\/h3>\n<\/div><div class=\"fusion-text fusion-text-2\"><p style=\"text-align: center;\">We work to create the image that best shows your idea<\/p>\n<\/div><div class=\"fusion-text fusion-text-3\"><h3 style=\"text-align: center;\">how we do it<\/h3>\n<\/div><div class=\"fusion-text fusion-text-4\"><p style=\"text-align: center;\">Anima is a digital design studio specialized in the production of renders and virtual tours of architectural projects. It is established in Buenos Aires, Argentina since 2005.<\/p>\n<\/div><div class=\"fusion-clearfix\"><\/div><\/div><\/div><\/div><\/div><div class=\"fusion-fullwidth fullwidth-box fusion-builder-row-2 nonhundred-percent-fullwidth non-hundred-percent-height-scrolling\" style=\"--awb-background-position:left top;--awb-border-radius-top-left:0px;--awb-border-radius-top-right:0px;--awb-border-radius-bottom-right:0px;--awb-border-radius-bottom-left:0px;--awb-padding-top:20px;--awb-padding-bottom:2.5%;--awb-background-color:#282a2d;--awb-border-sizes-top:0px;--awb-border-sizes-bottom:0px;--awb-flex-wrap:wrap;\" ><div class=\"fusion-builder-row fusion-row\"><div class=\"fusion-layout-column fusion_builder_column fusion-builder-column-1 fusion_builder_column_1_1 1_1 fusion-one-full fusion-column-first fusion-column-last\" style=\"--awb-padding-top:0%;--awb-padding-right:15%;--awb-padding-bottom:0%;--awb-padding-left:15%;--awb-bg-size:cover;\"><div class=\"fusion-column-wrapper fusion-flex-column-wrapper-legacy\"><div class=\"fusion-text fusion-text-5\"><h4 style=\"text-align: center;\">Arq. Fernando Vignoni<\/h4>\n<h4 style=\"text-align: center;\">Creative director<\/h4>\n<\/div><div class=\"fusion-text fusion-text-6\"><p style=\"text-align: center;\">Architect graduated from FADU UBA in 2003. Teacher profesor of Materializaci\u00f3n de proyectos C\u00e1tedra Romeo FADU UBA a\u00f1o 2007-2009. Teacher profesor since 2009 of Architecture in Lestard Cajide Janches Course in FADU UBA, actually head of practical Work in Arquitectura 3. Teacher profesor Project workshop in Arquitectura III Palermo University in 2014.<br \/>\nSince 2005 Creative director of <strong>Anima Rendering studio<\/strong> specialized in architecture visualization.<\/p>\n<\/div><div class=\"fusion-image-element in-legacy-container\" style=\"--awb-caption-title-font-family:var(--h2_typography-font-family);--awb-caption-title-font-weight:var(--h2_typography-font-weight);--awb-caption-title-font-style:var(--h2_typography-font-style);--awb-caption-title-size:var(--h2_typography-font-size);--awb-caption-title-transform:var(--h2_typography-text-transform);--awb-caption-title-line-height:var(--h2_typography-line-height);--awb-caption-title-letter-spacing:var(--h2_typography-letter-spacing);\"><span class=\" fusion-imageframe imageframe-none imageframe-1 hover-type-none\"><img decoding=\"async\" width=\"1920\" height=\"1280\" title=\"IMG-5900-00\" src=\"https:\/\/animaestudio.com.ar\/wp-content\/uploads\/2023\/08\/IMG-5900-00-1.jpg\" alt class=\"img-responsive wp-image-1942\" srcset=\"https:\/\/animaestudio.com.ar\/wp-content\/uploads\/2023\/08\/IMG-5900-00-1-200x133.jpg 200w, https:\/\/animaestudio.com.ar\/wp-content\/uploads\/2023\/08\/IMG-5900-00-1-400x267.jpg 400w, https:\/\/animaestudio.com.ar\/wp-content\/uploads\/2023\/08\/IMG-5900-00-1-600x400.jpg 600w, https:\/\/animaestudio.com.ar\/wp-content\/uploads\/2023\/08\/IMG-5900-00-1-800x533.jpg 800w, https:\/\/animaestudio.com.ar\/wp-content\/uploads\/2023\/08\/IMG-5900-00-1-1200x800.jpg 1200w, https:\/\/animaestudio.com.ar\/wp-content\/uploads\/2023\/08\/IMG-5900-00-1.jpg 1920w\" sizes=\"(max-width: 800px) 100vw, 1200px\" \/><\/span><\/div><div class=\"fusion-text fusion-text-7\"><p style=\"text-align: center;\">He participated in many Architectural Competitions, among which stand out:<br \/>\n2019 Pabell\u00f3n Argentino Expo 2023 (Primer Premio), 2014 Complejo Judicial Ciudad de Cipolleti (Primer Premio), 2013 Centro Cultural Legislatura de Neuqu\u00e9n (Menci\u00f3n), Centro Cultural Berazategui (Menci\u00f3n), Parque y Centro de Exposiciones CABA (Menci\u00f3n), Sede Loter\u00eda Nacional (Menci\u00f3n), 2012 Edificio Sede Acofar Mar del Plata (Segundo Premio), Sede Telpin, Pinamar (Menci\u00f3n), Casa de la Militancia ex Esma (Menci\u00f3n), 2011 Edificio Manzana de las Luces (Tercer Premio), Plaza Berazategui (Menci\u00f3n) Centro Cultural Entre R\u00edos ( Menci\u00f3n), 2011 Sede Capba Luj\u00e1n (Segundo Premio), 2010 Centro de Gesti\u00f3n y Participaci\u00f3n nro.12 (Segundo Premio), 2010 Centro Cultural Lan\u00fas (Primer Premio), 2009 Re funcionalizaci\u00f3n Ex Usina Concordia, Entre R\u00edos (Primer Premio), 2005 Biblioteca de la Universidad de Mar del Plata (Menci\u00f3n), 2004 Museo Havanna (Tercer Premio).<\/p>\n<p style=\"text-align: center;\"><strong>www.animaestudio.com.ar @animarendering<\/strong><\/p>\n<\/div><div class=\"fusion-clearfix\"><\/div><\/div><\/div><\/div><\/div><\/p>\n","protected":false},"excerpt":{"rendered":"","protected":false},"author":1,"featured_media":0,"parent":0,"menu_order":0,"comment_status":"closed","ping_status":"closed","template":"","meta":{"_joinchat":[],"footnotes":""},"class_list":["post-1651","page","type-page","status-publish","hentry"],"_links":{"self":[{"href":"https:\/\/animaestudio.com.ar\/en\/wp-json\/wp\/v2\/pages\/1651","targetHints":{"allow":["GET"]}}],"collection":[{"href":"https:\/\/animaestudio.com.ar\/en\/wp-json\/wp\/v2\/pages"}],"about":[{"href":"https:\/\/animaestudio.com.ar\/en\/wp-json\/wp\/v2\/types\/page"}],"author":[{"embeddable":true,"href":"https:\/\/animaestudio.com.ar\/en\/wp-json\/wp\/v2\/users\/1"}],"replies":[{"embeddable":true,"href":"https:\/\/animaestudio.com.ar\/en\/wp-json\/wp\/v2\/comments?post=1651"}],"version-history":[{"count":0,"href":"https:\/\/animaestudio.com.ar\/en\/wp-json\/wp\/v2\/pages\/1651\/revisions"}],"wp:attachment":[{"href":"https:\/\/animaestudio.com.ar\/en\/wp-json\/wp\/v2\/media?parent=1651"}],"curies":[{"name":"wp","href":"https:\/\/api.w.org\/{rel}","templated":true}]}}